{"id":403,"date":"2014-10-05T21:41:45","date_gmt":"2014-10-05T19:41:45","guid":{"rendered":"http:\/\/neu.ritter-fest.de\/wp\/?page_id=403"},"modified":"2026-04-20T16:33:29","modified_gmt":"2026-04-20T14:33:29","slug":"kontakt-impressum","status":"publish","type":"page","link":"https:\/\/www.ritter-fest.de\/en\/kontakt-impressum\/","title":{"rendered":"Contact \/ Legal Notice"},"content":{"rendered":"<h2>Imprint<\/h2>\n<p>Ein Interaktives Angebot der<strong><br \/>DOC Werbeagentur GmbH &amp; Co. KG<br \/><\/strong>Wiesm\u00fchl 20<br \/>84529 Tittmoning<\/p>\n<p>Tel. +49 (0)86 21\/64 900-0<br \/>doc(at)erfolg-erleben(dot)de<\/p>\n<p>Pers\u00f6nlich haftende Gesellschafterin: DOC Beteiligungs-GmbH<br \/>Vertretungsberechtigter Gesch\u00e4ftsf\u00fchrer: Christian Domeier<br \/>Registergericht: Amtsgericht Traunstein, Registernummer: HRA 7399<\/p>\n<p>E-Mail: doc(at)erfolg-erleben(dot)de<br \/>Konzeption, Webdesign &amp; Betreuung:<br \/>DOC Werbeagentur GmbH &amp; Co. KG<br \/>www.erfolg-erleben.de<br \/><strong>Copyright:<\/strong><br \/>Unless otherwise stated, all data and files on this website are subject to the copyright of DOC Werbeagentur GmbH &amp; Co. KG. Any further distribution in printed or electronic form (including excerpts) requires the written permission of the author. The editors and operators decline all liability for incomplete or incorrect information and its consequences.<br \/>Das Copyright der Bilder liegt entweder bei den abgebildeten Personen\/Gruppen oder der DOC Werbeagentur GmbH &amp; Co. KG.<\/p>\n\n\n<p><a href=\"https:\/\/www.ritter-fest.de\/en\/datenschutzbestimmung\/\">Privacy policy<\/a> <\/p>","protected":false},"excerpt":{"rendered":"<p>Impressum Ein Interaktives Angebot derDOC Werbeagentur GmbH &amp; Co. KGWiesm\u00fchl 2084529 Tittmoning Tel. +49 (0)86 21\/64 900-0doc(at)erfolg-erleben(dot)de Pers\u00f6nlich haftende Gesellschafterin: DOC Beteiligungs-GmbHVertretungsberechtigter Gesch\u00e4ftsf\u00fchrer: Christian DomeierRegistergericht: Amtsgericht Traunstein, Registernummer: HRA 7399 E-Mail: doc(at)erfolg-erleben(dot)deKonzeption, Webdesign &amp; Betreuung:DOC Werbeagentur GmbH &amp; Co. KGwww.erfolg-erleben.deCopyright:Alle Daten und Dateien dieses Internetauftritts unterstehen &#8211; soweit nicht anders angegeben &#8211; dem Copyright der DOC Werbeagentur GmbH &amp; Co. KG. Jegliche Weiterverbreitung in gedruckter oder elektronischer Form (auch auszugsweise) bedarf der schriftlichen Genehmigung des Urhebers. F\u00fcr unvollst\u00e4ndige oder falsche Informationen und deren Folgen lehnen Redaktion und Betreiber jede Haftung ab.Das Copyright der Bilder liegt entweder bei den abgebildeten Personen\/Gruppen oder der DOC Werbeagentur GmbH &amp; Co. KG. Datenschutzerkl\u00e4rung<\/p>","protected":false},"author":1,"featured_media":525,"parent":0,"menu_order":0,"comment_status":"closed","ping_status":"closed","template":"","meta":{"iawp_total_views":493,"footnotes":""},"class_list":["post-403","page","type-page","status-publish","has-post-thumbnail","hentry"],"acf":[],"_links":{"self":[{"href":"https:\/\/www.ritter-fest.de\/en\/wp-json\/wp\/v2\/pages\/403","targetHints":{"allow":["GET"]}}],"collection":[{"href":"https:\/\/www.ritter-fest.de\/en\/wp-json\/wp\/v2\/pages"}],"about":[{"href":"https:\/\/www.ritter-fest.de\/en\/wp-json\/wp\/v2\/types\/page"}],"author":[{"embeddable":true,"href":"https:\/\/www.ritter-fest.de\/en\/wp-json\/wp\/v2\/users\/1"}],"replies":[{"embeddable":true,"href":"https:\/\/www.ritter-fest.de\/en\/wp-json\/wp\/v2\/comments?post=403"}],"version-history":[{"count":7,"href":"https:\/\/www.ritter-fest.de\/en\/wp-json\/wp\/v2\/pages\/403\/revisions"}],"predecessor-version":[{"id":3220,"href":"https:\/\/www.ritter-fest.de\/en\/wp-json\/wp\/v2\/pages\/403\/revisions\/3220"}],"wp:featuredmedia":[{"embeddable":true,"href":"https:\/\/www.ritter-fest.de\/en\/wp-json\/wp\/v2\/media\/525"}],"wp:attachment":[{"href":"https:\/\/www.ritter-fest.de\/en\/wp-json\/wp\/v2\/media?parent=403"}],"curies":[{"name":"wp","href":"https:\/\/api.w.org\/{rel}","templated":true}]}}