{"id":471,"date":"2014-10-06T12:44:51","date_gmt":"2014-10-06T10:44:51","guid":{"rendered":"http:\/\/neu.ritter-fest.de\/wp\/?page_id=471"},"modified":"2023-05-17T11:41:53","modified_gmt":"2023-05-17T09:41:53","slug":"eingaenge","status":"publish","type":"page","link":"https:\/\/www.ritter-fest.de\/en\/ritter-fest-kufstein\/festung-kufstein\/eingaenge\/","title":{"rendered":"Entrances"},"content":{"rendered":"<ul>\n<li>\n<h3>Eingang Festung Kufstein | Festungsneuhof<\/h3>\n<p>Der Eingang der Festung Kufstein &#8211; Festungsneuhof &#8211; befindet sich im Stadtzentrum Kufsteins, N\u00e4he Rathaus, H\u00f6he Stadtpfarrkirche St. Vitus.<br \/>\nDort befinden sich auch die Festungskasse, die Talstation der Panoramabahn Kaiser Maximilian und der Eingang zum Fu\u00dfweg \u00fcber den sogenannten \u00fcberdachten Treppengang auf die Festung Kufstein.<\/li>\n<li>\n<h3>Eingang Talstation Festungslift Kufstein | R\u00f6merhofgasse<\/h3>\n<p>Der Eingang der Talstation Festungslift Kufstein befindet sich in der Altstadt Kufsteins, am Ende der R\u00f6merhofgasse. Die Kasse befindet sich direkt im Lift.<br \/>\n<strong><span style=\"text-decoration: underline;\">Dieser Eingang wird ge\u00f6ffnet, wenn es zu l\u00e4ngeren Wartezeiten im Festungsneuhof kommt.<\/span><\/strong><\/li>\n<li>\n<h3>Eingang \u00fcber Aufgang Kaiserj\u00e4gerweg | Josefsburg &#8211; festungsarena<\/h3>\n<p>Der Eingang \u00fcber den Aufgang Kaiserj\u00e4gerweg zur Josefsburg &#8211; festungsarena (Fu\u00dfweg) befindet sich in der Salurner-Stra\u00dfe | Kink-Stra\u00dfe (N\u00e4he Polizeidienststelle | Festungsapotheke), vis-\u00e0-vis der DISK-Tankstelle.<\/li>\n<\/ul>","protected":false},"excerpt":{"rendered":"<p>Eingang Festung Kufstein | Festungsneuhof Der Eingang der Festung Kufstein &#8211; Festungsneuhof &#8211; befindet sich im Stadtzentrum Kufsteins, N\u00e4he Rathaus, H\u00f6he Stadtpfarrkirche St. Vitus. Dort befinden sich auch die Festungskasse, die Talstation der Panoramabahn Kaiser Maximilian und der Eingang zum Fu\u00dfweg \u00fcber den sogenannten \u00fcberdachten Treppengang auf die Festung Kufstein. Eingang Talstation Festungslift Kufstein | R\u00f6merhofgasse Der Eingang der Talstation Festungslift Kufstein befindet sich in der Altstadt Kufsteins, am Ende der R\u00f6merhofgasse. Die Kasse befindet sich direkt im Lift. Dieser Eingang wird ge\u00f6ffnet, wenn es zu l\u00e4ngeren Wartezeiten im Festungsneuhof kommt. Eingang \u00fcber Aufgang Kaiserj\u00e4gerweg | Josefsburg &#8211; festungsarena Der Eingang \u00fcber den Aufgang Kaiserj\u00e4gerweg zur Josefsburg &#8211; festungsarena (Fu\u00dfweg) befindet sich in der Salurner-Stra\u00dfe | Kink-Stra\u00dfe (N\u00e4he Polizeidienststelle | Festungsapotheke), vis-\u00e0-vis der DISK-Tankstelle.<\/p>","protected":false},"author":1,"featured_media":472,"parent":1191,"menu_order":0,"comment_status":"closed","ping_status":"closed","template":"","meta":{"iawp_total_views":2364,"footnotes":""},"class_list":["post-471","page","type-page","status-publish","has-post-thumbnail","hentry"],"acf":[],"_links":{"self":[{"href":"https:\/\/www.ritter-fest.de\/en\/wp-json\/wp\/v2\/pages\/471","targetHints":{"allow":["GET"]}}],"collection":[{"href":"https:\/\/www.ritter-fest.de\/en\/wp-json\/wp\/v2\/pages"}],"about":[{"href":"https:\/\/www.ritter-fest.de\/en\/wp-json\/wp\/v2\/types\/page"}],"author":[{"embeddable":true,"href":"https:\/\/www.ritter-fest.de\/en\/wp-json\/wp\/v2\/users\/1"}],"replies":[{"embeddable":true,"href":"https:\/\/www.ritter-fest.de\/en\/wp-json\/wp\/v2\/comments?post=471"}],"version-history":[{"count":8,"href":"https:\/\/www.ritter-fest.de\/en\/wp-json\/wp\/v2\/pages\/471\/revisions"}],"predecessor-version":[{"id":2652,"href":"https:\/\/www.ritter-fest.de\/en\/wp-json\/wp\/v2\/pages\/471\/revisions\/2652"}],"up":[{"embeddable":true,"href":"https:\/\/www.ritter-fest.de\/en\/wp-json\/wp\/v2\/pages\/1191"}],"wp:featuredmedia":[{"embeddable":true,"href":"https:\/\/www.ritter-fest.de\/en\/wp-json\/wp\/v2\/media\/472"}],"wp:attachment":[{"href":"https:\/\/www.ritter-fest.de\/en\/wp-json\/wp\/v2\/media?parent=471"}],"curies":[{"name":"wp","href":"https:\/\/api.w.org\/{rel}","templated":true}]}}