{"id":514,"date":"2014-10-07T22:29:36","date_gmt":"2014-10-07T20:29:36","guid":{"rendered":"http:\/\/neu.ritter-fest.de\/wp\/?page_id=514"},"modified":"2026-04-19T10:20:08","modified_gmt":"2026-04-19T08:20:08","slug":"faq","status":"publish","type":"page","link":"https:\/\/www.ritter-fest.de\/en\/ritter-fest-kufstein\/faq\/","title":{"rendered":"Ritter-Fest Kufstein FAQ"},"content":{"rendered":"<h1>Questions about the Ritter-Fest Kufstein<\/h1>\n<ul>\n<li>\n<h6>How do I get to the Ritter-Fest?<strong><br \/>\n<\/strong><\/h6>\n<p>For up-to-date information on how to get there by car and train, please visit <a title=\"Journey \/ Parking\" href=\"https:\/\/www.ritter-fest.de\/en\/festung-kufstein\/anreise-parken\/\">Journey \/ Parking<\/a><\/li>\n<li>\n<h6>Where can I stay overnight?<\/h6>\n<p>It is not possible to stay overnight at the fortress. You can find overnight accommodation under <a href=\"http:\/\/www.ritter-fest.de\/en\/festung-kufstein-2\/uebernachtung\/\">Accommodation.<\/a><\/li>\n<li>\n<h6>Are dogs allowed at the RITTER-FEST?<\/h6>\n<p>Dogs are welcome here, as long as they are kept on a leash. Your four-legged friend will receive fresh water at the fortress tavern. However, dogs are not allowed in the museum. Also, please keep in mind that there are many visitors, and it can get noisy at times. You know your dog best.<\/li>\n<li>\n<h6>Do I have to buy the tickets in advance?<\/h6>\n<p>No - there will always be enough tickets at the box office for you to go to RITTER-FEST.<\/li>\n<li>\n<h6>Do I have to come in medieval \/ fantasy attire?<\/h6>\n<p>No - of course not. Every visitor is welcome. Experience shows that most visitors come in \"civilian clothes\".<\/li>\n<li>\n<h6>Can I come in medieval \/ fantasy attire?<\/h6>\n<p>A clear: YES. Many insiders and friends of the medieval\/fantasy scene come in costume. If you enjoy history, don't hesitate. Of course, costumed visitors also receive a small discount on admission with us. It's important, though, that it's evident you've put effort into it. Just a hat and a cloak don't count as a costume \ud83d\ude42<\/li>\n<li>\n<h6>Do people dressed in medieval garb get a discount on admission?<\/h6>\n<p>Yes. Because we are loyal to the medieval\/fantasy scene - just as the medieval\/fantasy scene is loyal to us. Just a small gesture of gratitude.<\/li>\n<li>\n<h6>When will the programme (finally) be available?<\/h6>\n<p>Das Programm f\u00fcr&#8217;s Volk werden wir ca. 4 Wochen vor Festbeginn auf dieser Internet-Seite einstellen und selbstverst\u00e4ndlich an alle Besucher in gedruckter Form \u00fcberreichen.<\/li>\n<li>\n<h6>Is there an ATM \/ cash machine at the fortress?<\/h6>\n<p>No. However, most merchants as well as the fortress gastronomy accept card payment, Apple Pay, and Google Pay.<\/li>\n<li>\n<h6>Is the Ritter-Fest barrier-free?<\/h6>\n<p>Grunds\u00e4tzlich ja &#8211; wobei die Festungsanlage auf einem steilen Felsen errichtet wurde. Nutzen Sie zur Fahrt auf die Festung die Panoramabahn am Haupteingang. Von dort gibt es einen Speziallift zur Gastronomie im Schlossgarten und dem Heimatmuseum. Auch finden sich hier Toiletten. Wenden Sie sich hier im Bedarfsfall bitte an die Kollegen in der Gastronomie. Von hier geht ihre Reise \u00fcber das Ritter-Fest ausschlie\u00dflich bergab. Sie kommen zuerst in die Taverne zum Roten Drachen, die Elisabeth-Batterie und das Kriegspulvermagazin. Verweilen Sie hier ruhig ein wenig, genie\u00dfen spannende Ritterk\u00e4mpfe, bunte Landsknechtslager und eine kleine Erfrischung. Nun vorbei an einem kleinen Marktareal hinunter in den schattigen Kr\u00e4utergarten wo Gaukler und viele andere Attraktionen auf sie warten. Die letzte Station ihres Besuches ist dann die gro\u00dfe Josefsburg (Festungsarena) mit der Hauptb\u00fchne. Hier gibt es eine barrierefreie Toilette rechts von der Hauptb\u00fchne, bitte wenden Sie sich hier an unsere Kollegen vom Sicherheitsdienst. F\u00fcr den Heimweg benutzen sie den Kaiserj\u00e4gerweg, der sie immer bergab wieder sicher nach Kufstein zur\u00fcck bringt.<\/li>\n<li>\n<h6>Can I come with the pram?<\/h6>\n<p>Yeah, sure. Gladly. If necessary, see the section on barrier-free access for the easy way through the Ritter Fest.<\/li>\n<li>\n<h6>Is there a discount for XYZ?<\/h6>\n<p>In general, all prices are very transparent on this website. For special enquiries regarding groups, etc., please contact the Kufstein Fortress ticket office directly, telephone +43 5372 66525.<\/li>\n<li>\n<h6>Does my ticket allow re-entry? \/ Can I quickly go down to the valley to my car?<\/h6>\n<p>In principle, re-entry with the ticket is not possible due to the terms and conditions of Kufstein Fortress. However, if the crowds are not overwhelming and you have a friendly word with the ticket personnel BEFORE leaving the fortress, exceptions can be made on a case-by-case basis. Please note that this FAQ does not guarantee this outcome.<\/li>\n<\/ul>","protected":false},"excerpt":{"rendered":"<p>Fragen rund um&#8217;s Ritter-Fest Kufstein Wie komme ich zum Ritter-Fest? Aktuelle Informationen zur Anfahrt mit dem Auto und der Bahn finden Sie unter Anreise \/ Parken Wo kann ich \u00fcbernachten? Die \u00dcbernachtung auf der Festung ist nicht m\u00f6glich. \u00dcbernachtungsm\u00f6glichkeiten finden Sie unter \u00dcbernachtung. D\u00fcrfen Hunde auf das RITTER-FEST? Hunde sind bei uns herzlich willkommen, wenn sie an der Leine gef\u00fchrt werden. In der Festungswirtschaft erh\u00e4lt Ihr Vierbeiner frisches Wasser. Im Museum sind Hunde allerdings nicht erlaubt. Denken Sie auch daran, dass es sehr viele Besucher gibt und es auch mal laut werden kann. Sie kennen ihren Hund am besten. Muss ich die Karten im Vorverkauf kaufen? Nein &#8211; es wird immer genug Karten an der Tageskasse geben, dass Sie zum RITTER-FEST gehen k\u00f6nnen. Muss ich in mittelalterlicher \/ Fantasy- Gewandung kommen? Nein &#8211; selbstverst\u00e4ndlich nicht. Jeder Besucher ist uns herzlich willkommen. Erfahrungsgem\u00e4\u00df kommen die meisten Besucher in &#8222;zivil&#8220;. Kann ich in mittelalterlicher \/ Fantasy- Gewandung kommen? Ein klares: JA. Viele Insider und Freunde der Mittelalter-\/Fantasy-Szene kommen in Gewandung. Wenn Sie Spa\u00df an Geschichte haben, trauen Sie sich ruhig. Selbstverst\u00e4ndlich bekommen Gewandete bei uns auch eine kleine Erm\u00e4\u00dfigung auf den Eintritt. Wichtig ist nur, dass man auch sieht, dass Ihr Euch M\u00fche gebt. Nur ein Hut und ein Umhang sind keine Gewandung \ud83d\ude42 Bekommen Gewandete eine Erm\u00e4\u00dfigung auf den Eintritt? Ja. Weil wir der Mittelalter-\/Fantasy-Szene treu sind &#8211; so wie die Mittelalter-\/Fantasy-Szene uns treu ist. Einfach eine kleine Geste der Dankbarkeit. Wann gibt es (endlich) das Programm? Das Programm f\u00fcr&#8217;s Volk werden wir ca. 4 Wochen vor Festbeginn auf dieser Internet-Seite einstellen und selbstverst\u00e4ndlich an alle Besucher in gedruckter Form \u00fcberreichen. Gibt es einen Geldautomaten \/ Bankomat auf der Festung? Nein. Die meisten H\u00e4ndler sowie die Festungsgastronomie akzeptieren allerdings Kartenzahlung, Applepay und Googlepay. Ist das Ritter-Fest barrierefrei? Grunds\u00e4tzlich ja &#8211; wobei die Festungsanlage auf einem steilen Felsen errichtet wurde. Nutzen Sie zur Fahrt auf die Festung die Panoramabahn am Haupteingang. Von dort gibt es einen Speziallift zur Gastronomie im Schlossgarten und dem Heimatmuseum. Auch finden sich hier Toiletten. Wenden Sie sich hier im Bedarfsfall bitte an die Kollegen in der Gastronomie. Von hier geht ihre Reise \u00fcber das Ritter-Fest ausschlie\u00dflich bergab. Sie kommen zuerst in die Taverne zum Roten Drachen, die Elisabeth-Batterie und das Kriegspulvermagazin. Verweilen Sie hier ruhig ein wenig, genie\u00dfen spannende Ritterk\u00e4mpfe, bunte Landsknechtslager und eine kleine Erfrischung. Nun vorbei an einem kleinen Marktareal hinunter in den schattigen Kr\u00e4utergarten wo Gaukler und viele andere Attraktionen auf sie warten. Die letzte Station ihres Besuches ist dann die gro\u00dfe Josefsburg (Festungsarena) mit der Hauptb\u00fchne. Hier gibt es eine barrierefreie Toilette rechts von der Hauptb\u00fchne, bitte wenden Sie sich hier an unsere Kollegen vom Sicherheitsdienst. F\u00fcr den Heimweg benutzen sie den Kaiserj\u00e4gerweg, der sie immer bergab wieder sicher nach Kufstein zur\u00fcck bringt. Kann ich mit dem Kinderwagen kommen? Ja klar. Gerne. Siehe ggf. den Abschnitt \u00fcber den barrierefreien Zugang f\u00fcr den unbeschwerlichen Weg \u00fcber das Ritter-Fest. Gibt es eine Erm\u00e4\u00dfigung f\u00fcr XYZ? Grunds\u00e4tzlich sind alle Preise sehr transparent auf dieser Internetseite hinterlegt. F\u00fcr besondere Anfragen i.S. Gruppen, etc. wenden Sie sich bitte direkt an die Kasse der Festung Kufstein, Telefon +43 5372 66525 Gilt meine Eintrittskarte f\u00fcr den Wiedereinlass \/ Kann ich kurz ins Tal \/ &#8230; zu meinem Auto? \/ &#8230; zum Geldautomaten? Grunds\u00e4tzlich ist der Wiedereinlass mit der Eintrittskarte aufgrund der AGB der Festung Kufstein nicht m\u00f6glich. Wenn der Ansturm gerade nicht riesig ist und sie ein freundliches Wort VOR Verlassen der Festung mit dem Kassenpersonal reden, ist aber durchaus im Einzelfall eine Ausnahme m\u00f6glich. Eine Garantie hierf\u00fcr ist diese FAQ jedoch nicht.<\/p>","protected":false},"author":1,"featured_media":472,"parent":440,"menu_order":0,"comment_status":"closed","ping_status":"closed","template":"","meta":{"iawp_total_views":5142,"footnotes":""},"class_list":["post-514","page","type-page","status-publish","has-post-thumbnail","hentry"],"acf":[],"_links":{"self":[{"href":"https:\/\/www.ritter-fest.de\/en\/wp-json\/wp\/v2\/pages\/514","targetHints":{"allow":["GET"]}}],"collection":[{"href":"https:\/\/www.ritter-fest.de\/en\/wp-json\/wp\/v2\/pages"}],"about":[{"href":"https:\/\/www.ritter-fest.de\/en\/wp-json\/wp\/v2\/types\/page"}],"author":[{"embeddable":true,"href":"https:\/\/www.ritter-fest.de\/en\/wp-json\/wp\/v2\/users\/1"}],"replies":[{"embeddable":true,"href":"https:\/\/www.ritter-fest.de\/en\/wp-json\/wp\/v2\/comments?post=514"}],"version-history":[{"count":26,"href":"https:\/\/www.ritter-fest.de\/en\/wp-json\/wp\/v2\/pages\/514\/revisions"}],"predecessor-version":[{"id":3191,"href":"https:\/\/www.ritter-fest.de\/en\/wp-json\/wp\/v2\/pages\/514\/revisions\/3191"}],"up":[{"embeddable":true,"href":"https:\/\/www.ritter-fest.de\/en\/wp-json\/wp\/v2\/pages\/440"}],"wp:featuredmedia":[{"embeddable":true,"href":"https:\/\/www.ritter-fest.de\/en\/wp-json\/wp\/v2\/media\/472"}],"wp:attachment":[{"href":"https:\/\/www.ritter-fest.de\/en\/wp-json\/wp\/v2\/media?parent=514"}],"curies":[{"name":"wp","href":"https:\/\/api.w.org\/{rel}","templated":true}]}}