{"id":530,"date":"2014-10-07T22:55:23","date_gmt":"2014-10-07T20:55:23","guid":{"rendered":"http:\/\/neu.ritter-fest.de\/wp\/?page_id=530"},"modified":"2025-04-06T17:40:16","modified_gmt":"2025-04-06T15:40:16","slug":"impressum","status":"publish","type":"page","link":"https:\/\/www.ritter-fest.de\/en\/ritter-fest-kufstein\/impressum\/","title":{"rendered":"Impressum Ritter-Fest Kufstein"},"content":{"rendered":"<p><strong>Veranstalter des Ritter-Fest Kufstein:<\/strong><br \/>Festung Kufstein GmbH<br \/><span class=\"Stil10\">Gesch\u00e4ftsf\u00fchrer Mag. Emanuel Pr\u00e4auer<br \/>Festung 2<br \/>A-<\/span><span class=\"Stil11\">6330 Kufstein<\/span><\/p>\n<p><strong>Organisation office and owner of this internet site:<\/strong><br \/>DOC Werbeagentur GmbH &amp; Co. KG<br \/>Wiesm\u00fchl 20<br \/>84529 Tittmoning<br \/>Tel. +49 (0)86 21\/64 900-0<br \/>doc@erfolg-erleben.de<\/p>\n<p>Please send applications to:<br \/>Christian Domeier, doc@erfolg-erleben.de<\/p>\n<p><br \/><strong>Copyright:<\/strong><br \/>Unless otherwise stated, all data and files on this website are subject to the copyright of DOC Werbeagentur GmbH &amp; Co. KG. Any further distribution in printed or electronic form (including excerpts) requires the written permission of the author. The editors and operators decline all liability for incomplete or incorrect information and its consequences.<br \/>Das Copyright der Bilder liegt entweder bei den abgebildeten Personen\/Gruppen oder der DOC Werbeagentur GmbH &amp; Co. KG.<\/p>\n<p>\u00a0<\/p>\n\n\n<a href=\"https:\/\/www.ritter-fest.de\/en\/datenschutzbestimmung\/\">Privacy policy<\/a>","protected":false},"excerpt":{"rendered":"<p>Veranstalter des Ritter-Fest Kufstein:Festung Kufstein GmbHGesch\u00e4ftsf\u00fchrer Mag. Emanuel Pr\u00e4auerFestung 2A-6330 Kufstein Organisationsb\u00fcro und Inhaber dieser Internet Seite:DOC Werbeagentur GmbH &amp; Co. KGWiesm\u00fchl 2084529 TittmoningTel. +49 (0)86 21\/64 900-0doc@erfolg-erleben.de Bewerbungen bitte an:Christian Domeier, doc@erfolg-erleben.de Copyright:Alle Daten und Dateien dieses Internetauftritts unterstehen &#8211; soweit nicht anders angegeben &#8211; dem Copyright der DOC Werbeagentur GmbH &amp; Co. KG. Jegliche Weiterverbreitung in gedruckter oder elektronischer Form (auch auszugsweise) bedarf der schriftlichen Genehmigung des Urhebers. F\u00fcr unvollst\u00e4ndige oder falsche Informationen und deren Folgen lehnen Redaktion und Betreiber jede Haftung ab.Das Copyright der Bilder liegt entweder bei den abgebildeten Personen\/Gruppen oder der DOC Werbeagentur GmbH &amp; Co. KG. \u00a0 Datenschutzerkl\u00e4rung<\/p>","protected":false},"author":1,"featured_media":398,"parent":440,"menu_order":0,"comment_status":"closed","ping_status":"closed","template":"","meta":{"iawp_total_views":1279,"footnotes":""},"class_list":["post-530","page","type-page","status-publish","has-post-thumbnail","hentry"],"acf":[],"_links":{"self":[{"href":"https:\/\/www.ritter-fest.de\/en\/wp-json\/wp\/v2\/pages\/530","targetHints":{"allow":["GET"]}}],"collection":[{"href":"https:\/\/www.ritter-fest.de\/en\/wp-json\/wp\/v2\/pages"}],"about":[{"href":"https:\/\/www.ritter-fest.de\/en\/wp-json\/wp\/v2\/types\/page"}],"author":[{"embeddable":true,"href":"https:\/\/www.ritter-fest.de\/en\/wp-json\/wp\/v2\/users\/1"}],"replies":[{"embeddable":true,"href":"https:\/\/www.ritter-fest.de\/en\/wp-json\/wp\/v2\/comments?post=530"}],"version-history":[{"count":11,"href":"https:\/\/www.ritter-fest.de\/en\/wp-json\/wp\/v2\/pages\/530\/revisions"}],"predecessor-version":[{"id":2905,"href":"https:\/\/www.ritter-fest.de\/en\/wp-json\/wp\/v2\/pages\/530\/revisions\/2905"}],"up":[{"embeddable":true,"href":"https:\/\/www.ritter-fest.de\/en\/wp-json\/wp\/v2\/pages\/440"}],"wp:featuredmedia":[{"embeddable":true,"href":"https:\/\/www.ritter-fest.de\/en\/wp-json\/wp\/v2\/media\/398"}],"wp:attachment":[{"href":"https:\/\/www.ritter-fest.de\/en\/wp-json\/wp\/v2\/media?parent=530"}],"curies":[{"name":"wp","href":"https:\/\/api.w.org\/{rel}","templated":true}]}}