{"id":685,"date":"2015-05-15T15:59:52","date_gmt":"2015-05-15T13:59:52","guid":{"rendered":"http:\/\/www.ritter-fest.de\/?page_id=685"},"modified":"2026-04-19T10:24:28","modified_gmt":"2026-04-19T08:24:28","slug":"programm-samstag","status":"publish","type":"page","link":"https:\/\/www.ritter-fest.de\/en\/ritter-fest-kufstein\/das-fest\/programm-samstag\/","title":{"rendered":"Programm 23.05.26 Samstag"},"content":{"rendered":"<p><strong>10:00 - 23:00:<\/strong> Josefsburg Castle, Castle Garden at the Emperor's Tower, Herb Garden, War Powder Magazine, Lower Castle Barracks, etc.: Jugglers, musicians, swordfighting and fire shows without interruption. The merchants are open until 22:00.<br><strong>Parade through Kufstein: 10:00<br>Parade of all participants: 16:30<\/strong><\/p>\n\n\n\n<p><strong>Highlights at a glance:<\/strong><br>(Excerpt from the overall programme. Subject to change).<\/p>\n\n\n\n<p><strong>Josefsburg<\/strong><br>11:30 Uhr &#8211; Narrengold<br>12:30 Uhr &#8211; Opus Furore<br>13:30 Uhr &#8211; Poeta Magica<br>15:00 Uhr &#8211; Narrengold<br>17:00 Uhr &#8211; Artus Thor<br>17:45 Uhr &#8211; Poeta Magica<br>19:45 Uhr &#8211; Koenix<br>ca. 21:45 Uhr &#8211; Gro\u00dfe Feuershow mit Artus Thor, BenJamIn, Eventpuppets, Jolandolo vom Birkenschwamm, Magnus, Nadja Nads, Opus Furore, Troll &amp; \u00c4lva. Musik: Poeta Magica feat. Drums on Fire<\/p>\n\n\n\n<p><strong>Schlossgarten<\/strong><br>11:30 Uhr &#8211; Marcus van Langen<br>12:00 Uhr &#8211; Heldenorgel<br>13:00 Uhr &#8211; Minnesangs Fr\u00fchling<br>14:00 Uhr &#8211; Koenix<br>15:30 Uhr &#8211; Poeta Magica<br>17:30 Uhr &#8211; Narrengold<br>19:00 Uhr &#8211; Minnesangs Fr\u00fchling<\/p>\n\n\n\n<p><strong>Festungsneuhof<\/strong><br>12:00 Uhr &#8211; Heldenorgel<br>13:00 Uhr &#8211; 17:00 Uhr &#8211; BenJamIn<\/p>\n\n\n\n<p><strong>Taverne zum Roten Drachen \/ Kriegspulvermagazin<\/strong><br>12:00 Uhr &#8211; Eventpuppets<br>13:00 Uhr &#8211; Artus Thor<br>14:00 Uhr &#8211; Minnesangs Fr\u00fchling<br>15:00 Uhr &#8211; Artus Thor<br>15:45 Uhr &#8211; Marcus van Langen<br>17:00 Uhr &#8211; Macht Fotos mit dem Roten Drachen<br>18:00 Uhr &#8211; Marcus van Langen<\/p>\n\n\n\n<p><strong>Kr\u00e4utergarten \/ Annabatterie<\/strong><br>11:30 Uhr &#8211; Minnesangs Fr\u00fchling<br>12:30 Uhr &#8211; Marcus van Langen<br>13:30 Uhr &#8211; Eventpuppets<br>14:30 Uhr &#8211; Jolandolo vom Birkenschwamm<br>15:30 Uhr &#8211; Opus Furore<br>17:30 Uhr &#8211; Eventpuppets<br>18:30 Uhr &#8211; Opus Furore<br>19:15 Uhr &#8211; Jolandolo vom Birkenschwamm<\/p>\n\n\n\n<p><strong>Pfauenschweif<\/strong><br>12:00 Uhr &#8211; Luginsland<br>13:00 Uhr &#8211; Luginsland<br>14:00 Uhr &#8211; Luginsland<br>15:00 Uhr &#8211; Luginsland<br>16:00 Uhr &#8211; Luginsland<br>17:00 Uhr &#8211; Luginsland<br>18:00 Uhr &#8211; Luginsland<\/p>\n\n\n\n<p><strong>Schlossrondell<\/strong><br>13:00 Uhr &#8211; 17:00 Uhr &#8211; Frowin begr\u00fc\u00dft Euch<\/p>\n\n\n\n<p><strong>H\u00f6hle<\/strong><br>13:00 Uhr &#8211; Troll &amp; \u00c4lva<br>15:00 Uhr &#8211; Troll &amp; \u00c4lva<\/p>","protected":false},"excerpt":{"rendered":"<p>10:00 &#8211; 23:00 Uhr: Josefsburg, Schlossgarten am Kaiserturm, Kr\u00e4utergarten, Kriegspulvermagazin, Untere Schlosskaserne, usw.: Gaukler, Musikanten, Ritterk\u00e4mpfe und Feuershows ohn\u2018 Unterlass. Die H\u00e4ndler haben bis 22:00 Uhr ge\u00f6ffnet.Festumzug durch Kufstein: 10:00 Uhr.Festumzug aller Mitwirkenden: 16:30 Uhr. H\u00f6hepunkte im \u00dcberblick:(Auszug aus dem Gesamtprogramm. \u00c4nderungen vorbehalten.) Josefsburg11:30 Uhr &#8211; Narrengold12:30 Uhr &#8211; Opus Furore13:30 Uhr &#8211; Poeta Magica15:00 Uhr &#8211; Narrengold17:00 Uhr &#8211; Artus Thor17:45 Uhr &#8211; Poeta Magica19:45 Uhr &#8211; Koenixca. 21:45 Uhr &#8211; Gro\u00dfe Feuershow mit Artus Thor, BenJamIn, Eventpuppets, Jolandolo vom Birkenschwamm, Magnus, Nadja Nads, Opus Furore, Troll &amp; \u00c4lva. Musik: Poeta Magica feat. Drums on Fire Schlossgarten11:30 Uhr &#8211; Marcus van Langen12:00 Uhr &#8211; Heldenorgel13:00 Uhr &#8211; Minnesangs Fr\u00fchling14:00 Uhr &#8211; Koenix15:30 Uhr &#8211; Poeta Magica17:30 Uhr &#8211; Narrengold19:00 Uhr &#8211; Minnesangs Fr\u00fchling Festungsneuhof12:00 Uhr &#8211; Heldenorgel13:00 Uhr &#8211; 17:00 Uhr &#8211; BenJamIn Taverne zum Roten Drachen \/ Kriegspulvermagazin12:00 Uhr &#8211; Eventpuppets13:00 Uhr &#8211; Artus Thor14:00 Uhr &#8211; Minnesangs Fr\u00fchling15:00 Uhr &#8211; Artus Thor15:45 Uhr &#8211; Marcus van Langen17:00 Uhr &#8211; Macht Fotos mit dem Roten Drachen18:00 Uhr &#8211; Marcus van Langen Kr\u00e4utergarten \/ Annabatterie11:30 Uhr &#8211; Minnesangs Fr\u00fchling12:30 Uhr &#8211; Marcus van Langen13:30 Uhr &#8211; Eventpuppets14:30 Uhr &#8211; Jolandolo vom Birkenschwamm15:30 Uhr &#8211; Opus Furore17:30 Uhr &#8211; Eventpuppets18:30 Uhr &#8211; Opus Furore19:15 Uhr &#8211; Jolandolo vom Birkenschwamm Pfauenschweif12:00 Uhr &#8211; Luginsland13:00 Uhr &#8211; Luginsland14:00 Uhr &#8211; Luginsland15:00 Uhr &#8211; Luginsland16:00 Uhr &#8211; Luginsland17:00 Uhr &#8211; Luginsland18:00 Uhr &#8211; Luginsland Schlossrondell13:00 Uhr &#8211; 17:00 Uhr &#8211; Frowin begr\u00fc\u00dft Euch H\u00f6hle13:00 Uhr &#8211; Troll &amp; \u00c4lva15:00 Uhr &#8211; Troll &amp; \u00c4lva<\/p>","protected":false},"author":1,"featured_media":2913,"parent":864,"menu_order":0,"comment_status":"closed","ping_status":"closed","template":"","meta":{"iawp_total_views":10858,"footnotes":""},"class_list":["post-685","page","type-page","status-publish","has-post-thumbnail","hentry"],"acf":[],"_links":{"self":[{"href":"https:\/\/www.ritter-fest.de\/en\/wp-json\/wp\/v2\/pages\/685","targetHints":{"allow":["GET"]}}],"collection":[{"href":"https:\/\/www.ritter-fest.de\/en\/wp-json\/wp\/v2\/pages"}],"about":[{"href":"https:\/\/www.ritter-fest.de\/en\/wp-json\/wp\/v2\/types\/page"}],"author":[{"embeddable":true,"href":"https:\/\/www.ritter-fest.de\/en\/wp-json\/wp\/v2\/users\/1"}],"replies":[{"embeddable":true,"href":"https:\/\/www.ritter-fest.de\/en\/wp-json\/wp\/v2\/comments?post=685"}],"version-history":[{"count":18,"href":"https:\/\/www.ritter-fest.de\/en\/wp-json\/wp\/v2\/pages\/685\/revisions"}],"predecessor-version":[{"id":3185,"href":"https:\/\/www.ritter-fest.de\/en\/wp-json\/wp\/v2\/pages\/685\/revisions\/3185"}],"up":[{"embeddable":true,"href":"https:\/\/www.ritter-fest.de\/en\/wp-json\/wp\/v2\/pages\/864"}],"wp:featuredmedia":[{"embeddable":true,"href":"https:\/\/www.ritter-fest.de\/en\/wp-json\/wp\/v2\/media\/2913"}],"wp:attachment":[{"href":"https:\/\/www.ritter-fest.de\/en\/wp-json\/wp\/v2\/media?parent=685"}],"curies":[{"name":"wp","href":"https:\/\/api.w.org\/{rel}","templated":true}]}}