{"id":690,"date":"2015-05-15T16:04:58","date_gmt":"2015-05-15T14:04:58","guid":{"rendered":"http:\/\/www.ritter-fest.de\/?page_id=690"},"modified":"2026-04-19T10:24:49","modified_gmt":"2026-04-19T08:24:49","slug":"progamm-montag","status":"publish","type":"page","link":"https:\/\/www.ritter-fest.de\/en\/ritter-fest-kufstein\/das-fest\/progamm-montag\/","title":{"rendered":"Programm 25.05.26 Montag &#8211; Kinder- und Familientag"},"content":{"rendered":"<p><strong>10:00 &#8211; 19:00 Uhr:<\/strong> Josefsburg Castle, Castle Garden at the Emperor's Tower, Herb Garden, War Powder Magazine, Lower Castle Barracks, etc.: Jugglers, musicians, swordfighting without interruption. The merchants are open until 19:00.<br><strong>Parade of all participants: 16:30<\/strong><\/p>\n\n\n\n<p><strong>Highlights at a glance:<\/strong><br>(Excerpt from the overall programme. Subject to change).<\/p>\n\n\n\n<p><strong>Josefsburg<\/strong><br>11:30 Uhr &#8211; Poeta Magica<br>12:45 Uhr &#8211; Opus Furore<br>13:30 Uhr &#8211; Narrengold<br>14:30 Uhr &#8211; Poeta Magica<br>15:30 Uhr &#8211; Jolandolo vom Birkenschwamm<br>17:00 Uhr &#8211; Artus Thor<br>18:00 Uhr &#8211; Narrengold<\/p>\n\n\n\n<p><strong>Schlossgarten<\/strong><br>11:00 Uhr &#8211; Minnesangs Fr\u00fchling<br>12:00 Uhr &#8211; Heldenorgel<br>12:30 Uhr &#8211; Minnesangs Fr\u00fchling<br>14:00 Uhr &#8211; Marcus van Langen<br>15:00 Uhr &#8211; Narrengold<br>16:00 Uhr &#8211; Marcus van Langen<br>17:30 Uhr &#8211; Poeta Magica<\/p>\n\n\n\n<p><strong>Festungsneuhof<\/strong><br>12:00 Uhr &#8211; Heldenorgel<\/p>\n\n\n\n<p><strong>Taverne zum Roten Drachen \/ Kriegspulvermagazin<\/strong><br>11:30 Uhr &#8211; Marcus van Langen<br>12:30 Uhr &#8211; Artus Thor<br>13:30 Uhr &#8211; Minnesangs Fr\u00fchling<br>14:30 Uhr &#8211; Artus Thor<br>15:30 Uhr &#8211; Opus Furore<br>17:00 Uhr &#8211; Macht Fotos mit dem Roten Drachen<br>17:30 Uhr &#8211; Opus Furore<br>18:30 Uhr &#8211; Marcus van Langen<\/p>\n\n\n\n<p><strong>Kr\u00e4utergarten \/ Annabatterie<\/strong><br>12:00 Uhr &#8211; Frowin<br>14:00 Uhr &#8211; Jolandolo vom Birkenschwamm<br>15:00 Uhr &#8211; Frowin<br>17:00 Uhr &#8211; Minnesangs Fr\u00fchling<br>18:00 Uhr &#8211; Frowin<\/p>\n\n\n\n<p><strong>Pfauenschweif<\/strong><br>11:30 Uhr &#8211; Luginsland<br>12:30 Uhr &#8211; Luginsland<br>13:30 Uhr &#8211; Luginsland<br>14:30 Uhr &#8211; Luginsland<br>15:30 Uhr &#8211; Luginsland<br>17:30 Uhr &#8211; Luginsland<\/p>\n\n\n\n<p><strong>Schlossrondell<\/strong><br>13:00 Uhr &#8211; 17:00 Uhr &#8211; BenJamIn begr\u00fc\u00dft Euch<\/p>","protected":false},"excerpt":{"rendered":"<p>10:00 &#8211; 19:00 Uhr: Josefsburg, Schlossgarten am Kaiserturm, Kr\u00e4utergarten, Kriegspulvermagazin, Untere Schlosskaserne, usw.: Gaukler, Musikanten, Ritterk\u00e4mpfe und Feuershows ohn\u2018 Unterlass. Die H\u00e4ndler haben bis 19:00 Uhr ge\u00f6ffnet.Festumzug aller Mitwirkenden: 16:30 Uhr. H\u00f6hepunkte im \u00dcberblick:(Auszug aus dem Gesamtprogramm. \u00c4nderungen vorbehalten.) Josefsburg11:30 Uhr &#8211; Poeta Magica12:45 Uhr &#8211; Opus Furore13:30 Uhr &#8211; Narrengold14:30 Uhr &#8211; Poeta Magica15:30 Uhr &#8211; Jolandolo vom Birkenschwamm17:00 Uhr &#8211; Artus Thor18:00 Uhr &#8211; Narrengold Schlossgarten11:00 Uhr &#8211; Minnesangs Fr\u00fchling12:00 Uhr &#8211; Heldenorgel12:30 Uhr &#8211; Minnesangs Fr\u00fchling14:00 Uhr &#8211; Marcus van Langen15:00 Uhr &#8211; Narrengold16:00 Uhr &#8211; Marcus van Langen17:30 Uhr &#8211; Poeta Magica Festungsneuhof12:00 Uhr &#8211; Heldenorgel Taverne zum Roten Drachen \/ Kriegspulvermagazin11:30 Uhr &#8211; Marcus van Langen12:30 Uhr &#8211; Artus Thor13:30 Uhr &#8211; Minnesangs Fr\u00fchling14:30 Uhr &#8211; Artus Thor15:30 Uhr &#8211; Opus Furore17:00 Uhr &#8211; Macht Fotos mit dem Roten Drachen17:30 Uhr &#8211; Opus Furore18:30 Uhr &#8211; Marcus van Langen Kr\u00e4utergarten \/ Annabatterie12:00 Uhr &#8211; Frowin14:00 Uhr &#8211; Jolandolo vom Birkenschwamm15:00 Uhr &#8211; Frowin17:00 Uhr &#8211; Minnesangs Fr\u00fchling18:00 Uhr &#8211; Frowin Pfauenschweif11:30 Uhr &#8211; Luginsland12:30 Uhr &#8211; Luginsland13:30 Uhr &#8211; Luginsland14:30 Uhr &#8211; Luginsland15:30 Uhr &#8211; Luginsland17:30 Uhr &#8211; Luginsland Schlossrondell13:00 Uhr &#8211; 17:00 Uhr &#8211; BenJamIn begr\u00fc\u00dft Euch<\/p>","protected":false},"author":1,"featured_media":2913,"parent":864,"menu_order":0,"comment_status":"closed","ping_status":"closed","template":"","meta":{"iawp_total_views":8920,"footnotes":""},"class_list":["post-690","page","type-page","status-publish","has-post-thumbnail","hentry"],"acf":[],"_links":{"self":[{"href":"https:\/\/www.ritter-fest.de\/en\/wp-json\/wp\/v2\/pages\/690","targetHints":{"allow":["GET"]}}],"collection":[{"href":"https:\/\/www.ritter-fest.de\/en\/wp-json\/wp\/v2\/pages"}],"about":[{"href":"https:\/\/www.ritter-fest.de\/en\/wp-json\/wp\/v2\/types\/page"}],"author":[{"embeddable":true,"href":"https:\/\/www.ritter-fest.de\/en\/wp-json\/wp\/v2\/users\/1"}],"replies":[{"embeddable":true,"href":"https:\/\/www.ritter-fest.de\/en\/wp-json\/wp\/v2\/comments?post=690"}],"version-history":[{"count":19,"href":"https:\/\/www.ritter-fest.de\/en\/wp-json\/wp\/v2\/pages\/690\/revisions"}],"predecessor-version":[{"id":3189,"href":"https:\/\/www.ritter-fest.de\/en\/wp-json\/wp\/v2\/pages\/690\/revisions\/3189"}],"up":[{"embeddable":true,"href":"https:\/\/www.ritter-fest.de\/en\/wp-json\/wp\/v2\/pages\/864"}],"wp:featuredmedia":[{"embeddable":true,"href":"https:\/\/www.ritter-fest.de\/en\/wp-json\/wp\/v2\/media\/2913"}],"wp:attachment":[{"href":"https:\/\/www.ritter-fest.de\/en\/wp-json\/wp\/v2\/media?parent=690"}],"curies":[{"name":"wp","href":"https:\/\/api.w.org\/{rel}","templated":true}]}}