{"id":864,"date":"2016-04-28T10:27:42","date_gmt":"2016-04-28T08:27:42","guid":{"rendered":"http:\/\/www.ritter-fest.de\/?page_id=864"},"modified":"2026-04-27T09:04:02","modified_gmt":"2026-04-27T07:04:02","slug":"das-fest","status":"publish","type":"page","link":"https:\/\/www.ritter-fest.de\/en\/ritter-fest-kufstein\/das-fest\/","title":{"rendered":"Knights' Festival Kufstein 2026"},"content":{"rendered":"<div class=\"wp-block-columns is-layout-flex wp-container-core-columns-is-layout-9d6595d7 wp-block-columns-is-layout-flex\">\n<div class=\"wp-block-column is-layout-flow wp-block-column-is-layout-flow\" style=\"flex-basis:40%\">\n<h3 class=\"wp-block-heading\">Programme<\/h3>\n\n\n\n<ul class=\"wp-block-list\">\n<li><a href=\"https:\/\/www.ritter-fest.de\/en\/ritter-fest-kufstein\/das-fest\/programm-freitag\/\">Schedule Friday Mai 22nd<\/a><\/li>\n\n\n\n<li><a href=\"https:\/\/www.ritter-fest.de\/en\/ritter-fest-kufstein\/das-fest\/programm-samstag\/\">Schedule Saturday Mai 23rd<\/a><\/li>\n\n\n\n<li><a href=\"https:\/\/www.ritter-fest.de\/en\/ritter-fest-kufstein\/das-fest\/programm-sonntag\/\">Schedule Sunday Mai 24th<\/a><\/li>\n\n\n\n<li><a href=\"https:\/\/www.ritter-fest.de\/en\/ritter-fest-kufstein\/das-fest\/progamm-montag\/\" data-type=\"page\" data-id=\"690\">Schedule Monday Mai 25th<\/a><\/li>\n<\/ul>\n<\/div>\n\n\n\n<div class=\"wp-block-column is-layout-flow wp-block-column-is-layout-flow\">\n<h3 class=\"wp-block-heading\">Opening hours<\/h3>\n\n\n\n<p>Fr. 22.05.26: 10:00 bis 23:00 Uhr<br>Sa. 23.05.26: 10:00 bis 23:00 Uhr<br>So. 24.05.26: 10:00 bis 23:00 Uhr<br>Mo. 25.05.26: 10:00 bis 19:00 Uhr<\/p>\n<\/div>\n<\/div>\n\n\n\n<div class=\"wp-block-columns is-layout-flex wp-container-core-columns-is-layout-9d6595d7 wp-block-columns-is-layout-flex\">\n<div class=\"wp-block-column is-layout-flow wp-block-column-is-layout-flow\" style=\"flex-basis:40%\">\n<figure class=\"wp-block-image size-full\"><a href=\"https:\/\/assets.adobe.com\/id\/urn:aaid:sc:US:37dc382d-5323-40e2-85c7-6a0d55fab4d3?view=published\" target=\"_blank\" rel=\" noreferrer noopener\"><picture class=\"wp-picture-3175\" style=\"display: contents;\"><source type=\"image\/webp\" srcset=\"https:\/\/www.ritter-fest.de\/wp-content\/uploads\/Ritter-Fest-Kufstein-2026-Programm-Titelseite-jpg.webp 200w, https:\/\/www.ritter-fest.de\/wp-content\/uploads\/Ritter-Fest-Kufstein-2026-Programm-Titelseite-103x200-jpg.webp 103w, https:\/\/www.ritter-fest.de\/wp-content\/uploads\/Ritter-Fest-Kufstein-2026-Programm-Titelseite-6x12-jpg.webp 6w\" sizes=\"auto, (max-width: 200px) 100vw, 200px\"><img data-dominant-color=\"55709a\" data-has-transparency=\"false\" loading=\"lazy\" decoding=\"async\" width=\"200\" height=\"390\" sizes=\"auto, (max-width: 200px) 100vw, 200px\" src=\"https:\/\/www.ritter-fest.de\/wp-content\/uploads\/Ritter-Fest-Kufstein-2026-Programm-Titelseite.jpg\" alt=\"Programm Ritter-Fest Kufstein 2026 zum Download\" class=\"wp-image-3175 not-transparent\" style=\"--dominant-color: #55709a; object-fit:cover\" srcset=\"https:\/\/www.ritter-fest.de\/wp-content\/uploads\/Ritter-Fest-Kufstein-2026-Programm-Titelseite.jpg 200w, https:\/\/www.ritter-fest.de\/wp-content\/uploads\/Ritter-Fest-Kufstein-2026-Programm-Titelseite-103x200.jpg 103w, https:\/\/www.ritter-fest.de\/wp-content\/uploads\/Ritter-Fest-Kufstein-2026-Programm-Titelseite-6x12.jpg 6w\" \/><\/picture><\/a><\/figure>\n\n\n\n<p><a href=\"https:\/\/assets.adobe.com\/id\/urn:aaid:sc:US:37dc382d-5323-40e2-85c7-6a0d55fab4d3?view=published\"><br><\/a><a href=\"https:\/\/assets.adobe.com\/id\/urn:aaid:sc:US:37dc382d-5323-40e2-85c7-6a0d55fab4d3?view=published\" target=\"_blank\" rel=\"noreferrer noopener nofollow\">Das Ritter-Fest Programm 2026 als PDF zum Schm\u00f6kern<\/a><\/p>\n<\/div>\n\n\n\n<div class=\"wp-block-column is-layout-flow wp-block-column-is-layout-flow\">\n<p><a href=\"https:\/\/assets.adobe.com\/id\/urn:aaid:sc:US:37dc382d-5323-40e2-85c7-6a0d55fab4d3?view=published\" target=\"_blank\" rel=\"noreferrer noopener nofollow\">Here you can find the official programme (German)<\/a>the MMXXVI edition for downloading and browsing. Of course, every visitor will also receive the programme free of charge at the box office. EXPERIENCE LEGENDS!<\/p>\n\n\n\n<figure class=\"wp-block-image size-large\"><img loading=\"lazy\" decoding=\"async\" width=\"1920\" height=\"1780\" sizes=\"auto, (max-width: 1920px) 100vw, 1920px\" src=\"https:\/\/www.ritter-fest.de\/wp-content\/uploads\/IMG_9749-2-1920x1780.jpg\" alt=\"\" class=\"wp-image-2781\" srcset=\"https:\/\/www.ritter-fest.de\/wp-content\/uploads\/IMG_9749-2-1920x1780.jpg 1920w, https:\/\/www.ritter-fest.de\/wp-content\/uploads\/IMG_9749-2-1440x1335.jpg 1440w, https:\/\/www.ritter-fest.de\/wp-content\/uploads\/IMG_9749-2-216x200.jpg 216w, https:\/\/www.ritter-fest.de\/wp-content\/uploads\/IMG_9749-2-768x712.jpg 768w, https:\/\/www.ritter-fest.de\/wp-content\/uploads\/IMG_9749-2-1536x1424.jpg 1536w, https:\/\/www.ritter-fest.de\/wp-content\/uploads\/IMG_9749-2-2048x1899.jpg 2048w, https:\/\/www.ritter-fest.de\/wp-content\/uploads\/IMG_9749-2-13x12.jpg 13w, https:\/\/www.ritter-fest.de\/wp-content\/uploads\/IMG_9749-2-1140x1057.jpg 1140w\" \/><\/figure>\n<\/div>\n<\/div>\n\n\n\n<hr class=\"wp-block-separator has-alpha-channel-opacity\"\/>\n\n\n\n<figure class=\"wp-block-image size-full is-resized\"><img loading=\"lazy\" decoding=\"async\" width=\"539\" height=\"313\" sizes=\"auto, (max-width: 539px) 100vw, 539px\" src=\"https:\/\/www.ritter-fest.de\/wp-content\/uploads\/Plan-Festung-Kufstein-English.png\" alt=\"Gel\u00e4ndeplan Ritter-Fest Kufstein\" class=\"wp-image-2750\" style=\"width:840px\" srcset=\"https:\/\/www.ritter-fest.de\/wp-content\/uploads\/Plan-Festung-Kufstein-English.png 539w, https:\/\/www.ritter-fest.de\/wp-content\/uploads\/Plan-Festung-Kufstein-English-300x174.png 300w, https:\/\/www.ritter-fest.de\/wp-content\/uploads\/Plan-Festung-Kufstein-English-18x10.png 18w\" \/><\/figure>\n\n\n\n<hr class=\"wp-block-separator has-alpha-channel-opacity\"\/>\n\n\n\n<h2 class=\"wp-block-heading\"><span style=\"text-decoration: underline;\">Entrance fees Boxoffice<\/span><\/h2>\n\n\n\n<figure class=\"wp-block-table is-style-stripes\"><table><tbody><tr><td>&nbsp;<\/td><td><strong>1 day <\/strong><\/td><td><strong>4 days *<\/strong><\/td><\/tr><tr><td>Adults<\/td><td>\u20ac 24,00<\/td><td>\u20ac 52,00<\/td><\/tr><tr><td>Children \/ Students (6 - 16 years)<\/td><td>\u20ac 12,50<\/td><td>\u20ac 28,00<\/td><\/tr><tr><td>Families: 2 adults &amp; max. 4 children (6 - 16 years)<\/td><td>\u20ac 49,50<\/td><td>\u20ac 108,00<\/td><\/tr><tr><td>Group: from 10 guests - per person<\/td><td>\u20ac 21,50<\/td><td>&nbsp;<\/td><\/tr><tr><td>Stylish Historically Dressed Visitors<\/td><td>\u20ac 21,50<\/td><td>\u20ac 47,00<\/td><\/tr><tr><td>Children (0 - 5 years)<\/td><td>free entrance<\/td><td>&nbsp;<\/td><\/tr><\/tbody><\/table><\/figure>\n\n\n\n<h2 class=\"wp-block-heading\"><span style=\"text-decoration: underline;\">Advance ticket prices<\/span><\/h2>\n\n\n\n<p><strong>Please note: Tickets purchased in advance are slightly more expensive due to presale and service fees, which are beyond our control. However, you avoid waiting in line at the box office.<\/strong><\/p>\n\n\n\n<figure class=\"wp-block-table is-style-stripes\"><table><tbody><tr><td>&nbsp;<\/td><td><strong>1 day <\/strong><\/td><\/tr><tr><td>Adults<\/td><td>\u20ac 26,40<\/td><\/tr><tr><td>Children \/ Students (6 - 16 years)<\/td><td>\u20ac 14,40<\/td><\/tr><tr><td>Families: 2 adults &amp; max. 4 children (6 - 16 years)<\/td><td>\u20ac 54,40<\/td><\/tr><tr><td>Stylishly dressed visitors (will be checked at entry!)<\/td><td>\u20ac 23,70<\/td><\/tr><tr><td class=\"translation-block\">Servicefee <strong>per order<\/strong><\/td><td>\u20ac 2,95<\/td><\/tr><\/tbody><\/table><\/figure>\n\n\n\n<p><\/p>\n\n\n\n<div class=\"wp-block-buttons is-content-justification-center is-layout-flex wp-container-core-buttons-is-layout-16018d1d wp-block-buttons-is-layout-flex\">\n<div class=\"wp-block-button\"><a class=\"wp-block-button__link has-black-color has-luminous-vivid-amber-background-color has-text-color has-background has-link-color has-medium-font-size has-custom-font-size wp-element-button\" href=\"https:\/\/www.ritter-fest.de\/en\/3228-2\/\">Ticket presale<\/a><\/div>\n<\/div>\n\n\n\n<p><\/p>\n\n\n\n<ul class=\"wp-block-list\">\n<li class=\"translation-block\">Important: <strong>Each 1-day ticket is valid for a single entry only.<\/strong> Once you leave the premises, re-entry is only possible after purchasing a new ticket.<\/li>\n\n\n\n<li>When purchasing a 4-day pass, wearing a plastic wristband is mandatory. The 4-day pass is non-transferable.<\/li>\n\n\n\n<li>The mentioned admission prices include access to Kufstein Fortress (interactive tour of the museum facilities \/ outdoor area) from 10:00 a.m. to 6:00 p.m. The use of the Kaiser Maximilian Panoramic Railway and the Fortress Lift during their respective operating hours is also included.<\/li>\n\n\n\n<li>For special admission regulations for people with disabilities and their accompanying person (e.g. ID marking \u201cB\u201d), please contact our ticket office staff.<\/li>\n\n\n\n<li>Holders of the fortress card, the STAFF card, and the Kufstein card have free admission to the Ritter-Fest.<\/li>\n\n\n\n<li>Visitors with the Kufsteinerland Card receive a 10% discount on the admission price. All cards are valid ONLY in combination with an official photo ID. <\/li>\n\n\n\n<li>The house rules of Kufstein Fortress apply. Program changes reserved.<\/li>\n<\/ul>\n\n\n\n<p><a href=\"https:\/\/www.ritter-fest.de\/en\/ritter-fest-kufstein\/faq\/\" data-type=\"page\" data-id=\"514\">Click here for the frequently asked questions, FAQ<\/a><\/p>\n\n\n\n<p><\/p>","protected":false},"excerpt":{"rendered":"<p>Programm \u00d6ffnungszeiten Fr. 22.05.26: 10:00 bis 23:00 UhrSa. 23.05.26: 10:00 bis 23:00 UhrSo. 24.05.26: 10:00 bis 23:00 UhrMo. 25.05.26: 10:00 bis 19:00 Uhr Das Ritter-Fest Programm 2026 als PDF zum Schm\u00f6kern Hier findet Ihr das offizielle Programm, die MMXXVIer Edition zum Herunterladen und Schm\u00f6kern. Selbstverst\u00e4ndlich bekommt auch jeder Besucher das Programm an der Tageskasse kostenlos. LEGENDEN ERLEBEN! Eintrittspreise Tageskasse &nbsp; 1 Tag 4 Tage * Erwachsene \u20ac 24,00 \u20ac 52,00 Kinder \/ Sch\u00fcler (6 &#8211; 16 Jahre) \u20ac 12,50 \u20ac 28,00 Familien: 2 Erwachsene &amp; max. 4 Kinder (6 &#8211; 16 Jahre) \u20ac 49,50 \u20ac 108,00 Gruppe: ab 10 G\u00e4sten &#8211; pro Person \u20ac 21,50 &nbsp; Stilvoll Gewandete Besucher \u20ac 21,50 \u20ac 47,00 Kinder (0 &#8211; 5 Jahre) freier Eintritt &nbsp; Eintrittspreise Vorverkauf Achtung: Die Eintrittskarten sind im Vorverkauf um die Vorverkaufs- und Servicegeb\u00fchr, auf die wir keinen Einfluss haben, etwas teurer. Daf\u00fcr spart ihr Euch die Anstellschlange an der Kasse. &nbsp; 1 Tag Erwachsene \u20ac 26,40 Kinder \/ Sch\u00fcler (6 &#8211; 16 Jahre) \u20ac 14,40 Familien: 2 Erwachsene &amp; max. 4 Kinder (6 &#8211; 16 Jahre) \u20ac 54,40 Stilvoll Gewandete Besucher (Wird beim Einlass kontrolliert!) \u20ac 23,70 Servicegeb\u00fchr pro Bestellung \u20ac 2,95 Hier geht es zu den h\u00e4ufig gestellten Fragen, FAQ<\/p>","protected":false},"author":1,"featured_media":2962,"parent":440,"menu_order":0,"comment_status":"closed","ping_status":"closed","template":"","meta":{"iawp_total_views":36334,"footnotes":""},"class_list":["post-864","page","type-page","status-publish","has-post-thumbnail","hentry"],"acf":[],"_links":{"self":[{"href":"https:\/\/www.ritter-fest.de\/en\/wp-json\/wp\/v2\/pages\/864","targetHints":{"allow":["GET"]}}],"collection":[{"href":"https:\/\/www.ritter-fest.de\/en\/wp-json\/wp\/v2\/pages"}],"about":[{"href":"https:\/\/www.ritter-fest.de\/en\/wp-json\/wp\/v2\/types\/page"}],"author":[{"embeddable":true,"href":"https:\/\/www.ritter-fest.de\/en\/wp-json\/wp\/v2\/users\/1"}],"replies":[{"embeddable":true,"href":"https:\/\/www.ritter-fest.de\/en\/wp-json\/wp\/v2\/comments?post=864"}],"version-history":[{"count":102,"href":"https:\/\/www.ritter-fest.de\/en\/wp-json\/wp\/v2\/pages\/864\/revisions"}],"predecessor-version":[{"id":3250,"href":"https:\/\/www.ritter-fest.de\/en\/wp-json\/wp\/v2\/pages\/864\/revisions\/3250"}],"up":[{"embeddable":true,"href":"https:\/\/www.ritter-fest.de\/en\/wp-json\/wp\/v2\/pages\/440"}],"wp:featuredmedia":[{"embeddable":true,"href":"https:\/\/www.ritter-fest.de\/en\/wp-json\/wp\/v2\/media\/2962"}],"wp:attachment":[{"href":"https:\/\/www.ritter-fest.de\/en\/wp-json\/wp\/v2\/media?parent=864"}],"curies":[{"name":"wp","href":"https:\/\/api.w.org\/{rel}","templated":true}]}}